{"id":38,"date":"2023-07-15T19:44:04","date_gmt":"2023-07-15T17:44:04","guid":{"rendered":"http:\/\/alphaspompes.net\/production\/?page_id=38"},"modified":"2024-05-18T19:30:48","modified_gmt":"2024-05-18T17:30:48","slug":"qui-sommes-nous","status":"publish","type":"page","link":"http:\/\/alphaspompes.net\/production\/qui-sommes-nous\/","title":{"rendered":"Qui sommes-nous"},"content":{"rendered":"[vc_row][vc_column]<div id=\"et-info-present-1\" class=\"et-info-present\" data-autoplay=\"true\"><div class=\"slides\"><div id=\"et-info-present-item-208611\" class=\"et-info-present-item et-clearfix\"><div style=\"max-width:960px;max-height:540px;background-image:url(http:\/\/alphaspompes.net\/production\/lanohud\/sites\/3\/1-vlcsnap-2022-02-28-13h36m03s484.png);\" class=\"presentation-image\"><svg class=\"media-placeholder\" width=\"960\" height=\"540\" viewBox=\"0 0 960 540\"><path d=\"M0,0H960V540H0V0Z\" \/><\/svg><\/div><div id=\"presentation-box-208611\" class=\"presentation-box\" data-animation=\"top\" data-stagger=\"none\" data-color=\"rgba(0,191,255,0.5)\"><div class=\"content\"><h3 class=\"presentation-title\">QUI-SOMMES-NOUS<\/h3><\/div><\/div><\/div><\/div><\/div>[\/vc_column][\/vc_row][vc_row][vc_column]<span class=\"et-gap et-clearfix et-gap-140401\"><\/span>[vc_text_separator title=&#8221;Presentation&#8221; i_icon_fontawesome=&#8221;fas fa-building&#8221; i_color=&#8221;sky&#8221; add_icon=&#8221;true&#8221;]<span class=\"et-gap et-clearfix et-gap-140401\"><\/span>[\/vc_column][\/vc_row][vc_row element_id=&#8221;12250&#8243; css=&#8221;.vc_custom_1716053411287{padding-top: 48px !important;padding-right: 48px !important;padding-bottom: 48px !important;padding-left: 48px !important;background-color: rgba(255,0,0,0.1) !important;*background-color: rgb(255,0,0) !important;}&#8221;][vc_column][vc_single_image image=&#8221;1311&#8243; img_size=&#8221;&#8221; alignment=&#8221;center&#8221; onclick=&#8221;zoom&#8221; css=&#8221;.vc_custom_1661852096846{padding-top: 10px !important;padding-bottom: 20px !important;}&#8221;]<span class=\"et-gap et-clearfix et-gap-140401\"><\/span>[vc_column_text animation_delay=&#8221;0&#8243;]\n<p style=\"text-align: left;\"><span style=\"color: #012459;\">Fond\u00e9e en 1996, La <strong>SARL ALPHAS<\/strong> est sp\u00e9cialis\u00e9e dans la fourniture, le montage et la maintenance des pompes et \u00e9quipement hydrom\u00e9canique pour divers process, ainsi d&#8217;une large gamme de compresseurs pour la production d&#8217;air comprim\u00e9.<\/span><\/p>\n<p style=\"text-align: left;\"><span style=\"color: #012459;\"><strong>SARL ALPHAS <\/strong><\/span><span style=\"color: #012459;\">se positionne comme un fournisseur incontournable sur le march\u00e9 alg\u00e9rien.<\/span><\/p>\n<p style=\"text-align: left;\"><span style=\"color: #012459;\">Cette position est acquise gr\u00e2ce a la reconnaissance et la r\u00e9putation des marques distribu\u00e9es qui sont pour nous et nos clients un gage de s\u00e9rieux et de qualit\u00e9.<\/span><\/p>\n[\/vc_column_text][\/vc_column][\/vc_row][vc_row element_id=&#8221;580366&#8243; css=&#8221;.vc_custom_1659024194840{padding-bottom: 48px !important;}&#8221;][vc_column]<span class=\"et-gap et-clearfix et-gap-140401\"><\/span>[\/vc_column][\/vc_row][vc_row element_id=&#8221;580366&#8243; css=&#8221;.vc_custom_1659024194840{padding-bottom: 48px !important;}&#8221;][vc_column][vc_column_text animation_delay=&#8221;0&#8243;]\n<p style=\"text-align: center;\"><span style=\"color: #012459;\">Avec un effectif technique compos\u00e9 d&#8217;ing\u00e9nieurs et techniciens, un capital social de 80 500 000.00 DZD et une organisation en segments de march\u00e9 comme suit:<\/span><\/p>\n[\/vc_column_text]<span class=\"et-gap et-clearfix et-gap-140401\"><\/span>[\/vc_column][\/vc_row][vc_row element_id=&#8221;155322&#8243; css=&#8221;.vc_custom_1659024220423{padding-top: 10px !important;padding-bottom: 48px !important;}&#8221;][vc_column width=&#8221;1\/3&#8243;]<h5 class=\"et-heading text-align-center highlight-false\" id=\"et-heading-362375\" ><span class=\"text-wrapper\"><span class=\"text\">Eaux &amp; Environnement<\/span><span class=\"curtain\"><\/span><\/span><\/h5>[vc_single_image image=&#8221;555&#8243; img_size=&#8221;400&#215;200&#8243; add_caption=&#8221;yes&#8221; alignment=&#8221;center&#8221; style=&#8221;vc_box_circle_2&#8243; css=&#8221;.vc_custom_1716052906600{padding-top: 10px !important;}&#8221;][\/vc_column][vc_column width=&#8221;1\/3&#8243;]<h5 class=\"et-heading text-align-center highlight-false\" id=\"et-heading-16167\" ><span class=\"text-wrapper\"><span class=\"text\">Anti-Incendie<\/span><span class=\"curtain\"><\/span><\/span><\/h5>[vc_single_image image=&#8221;548&#8243; img_size=&#8221;400&#215;200&#8243; add_caption=&#8221;yes&#8221; alignment=&#8221;center&#8221; style=&#8221;vc_box_circle_2&#8243; css=&#8221;.vc_custom_1716053020223{padding-top: 10px !important;}&#8221;][\/vc_column][vc_column width=&#8221;1\/3&#8243;]<h5 class=\"et-heading text-align-center highlight-false\" id=\"et-heading-766096\" ><span class=\"text-wrapper\"><span class=\"text\">Agro-Alimentaire<\/span><span class=\"curtain\"><\/span><\/span><\/h5>[vc_single_image image=&#8221;552&#8243; img_size=&#8221;400&#215;200&#8243; add_caption=&#8221;yes&#8221; alignment=&#8221;center&#8221; style=&#8221;vc_box_circle_2&#8243; css=&#8221;.vc_custom_1716053029991{padding-top: 10px !important;}&#8221;][\/vc_column][\/vc_row][vc_row element_id=&#8221;15056&#8243; css=&#8221;.vc_custom_1659024227743{padding-bottom: 48px !important;}&#8221;][vc_column width=&#8221;1\/3&#8243;]<h5 class=\"et-heading text-align-center highlight-false\" id=\"et-heading-538308\" ><span class=\"text-wrapper\"><span class=\"text\">Energies &amp; Mines<\/span><span class=\"curtain\"><\/span><\/span><\/h5>[vc_single_image image=&#8221;554&#8243; img_size=&#8221;400&#215;200&#8243; add_caption=&#8221;yes&#8221; alignment=&#8221;center&#8221; style=&#8221;vc_box_circle_2&#8243; css=&#8221;.vc_custom_1716053064337{padding-top: 10px !important;}&#8221;][\/vc_column][vc_column width=&#8221;1\/3&#8243;]<h5 class=\"et-heading text-align-center highlight-false\" id=\"et-heading-786997\" ><span class=\"text-wrapper\"><span class=\"text\">Pharmacie &amp; Cosm\u00e9tique<\/span><span class=\"curtain\"><\/span><\/span><\/h5>[vc_single_image image=&#8221;556&#8243; img_size=&#8221;400&#215;200&#8243; add_caption=&#8221;yes&#8221; alignment=&#8221;center&#8221; style=&#8221;vc_box_circle_2&#8243; css=&#8221;.vc_custom_1716053072471{padding-top: 10px !important;}&#8221;][\/vc_column][vc_column width=&#8221;1\/3&#8243;]<h5 class=\"et-heading text-align-center highlight-false\" id=\"et-heading-765574\" ><span class=\"text-wrapper\"><span class=\"text\">Industries<\/span><span class=\"curtain\"><\/span><\/span><\/h5>[vc_single_image image=&#8221;553&#8243; img_size=&#8221;400&#215;200&#8243; add_caption=&#8221;yes&#8221; alignment=&#8221;center&#8221; style=&#8221;vc_box_circle_2&#8243; css=&#8221;.vc_custom_1716053081519{padding-top: 10px !important;}&#8221;][\/vc_column][\/vc_row][vc_row][vc_column width=&#8221;1\/2&#8243;][vc_text_separator title=&#8221;CONSEILS&#8221; i_icon_fontawesome=&#8221;fas fa-assistive-listening-systems&#8221; i_color=&#8221;green&#8221; add_icon=&#8221;true&#8221;][vc_single_image image=&#8221;551&#8243; img_size=&#8221;400&#215;200&#8243; add_caption=&#8221;yes&#8221; alignment=&#8221;center&#8221; css=&#8221;.vc_custom_1716053091448{padding-top: 10px !important;padding-bottom: 20px !important;}&#8221;][vc_column_text animation_delay=&#8221;0&#8243;]\n<p style=\"text-align: left;\"><span style=\"color: #012459;\">Nos Commerciaux sont \u00e0 votre \u00e9coute. ils prennent en compte vos crit\u00e8res sp\u00e9cifiques, et seront \u00e0 m\u00eame d&#8217;\u00e9tudier, et de vous pr\u00e9coniser les meilleurs solutions en partenariat avec nos fournisseur fabricants.<\/span><\/p>\n[\/vc_column_text][\/vc_column][vc_column width=&#8221;1\/2&#8243;][vc_text_separator title=&#8221;LOGISTIQUE&#8221; i_icon_fontawesome=&#8221;fas fa-truck-loading&#8221; i_color=&#8221;sky&#8221; add_icon=&#8221;true&#8221;][vc_single_image image=&#8221;550&#8243; img_size=&#8221;400&#215;200&#8243; add_caption=&#8221;yes&#8221; alignment=&#8221;center&#8221; css=&#8221;.vc_custom_1716053099200{padding-top: 10px !important;padding-bottom: 20px !important;}&#8221;][vc_column_text animation_delay=&#8221;0&#8243;]\n<p style=\"text-align: left;\"><span style=\"color: #012459;\">Nous mettons \u00e0 votre disposition tous les moyens humains, technique et mat\u00e9riels pour concr\u00e9tiser ensemble vos projets.<\/span><\/p>\n[\/vc_column_text][\/vc_column][\/vc_row][vc_row][vc_column]<span class=\"et-gap et-clearfix et-gap-756830\"><\/span>[vc_text_separator title=&#8221;PARTENAIRES OFFICIELS&#8221; i_icon_fontawesome=&#8221;fas fa-certificate&#8221; i_color=&#8221;grey&#8221; add_icon=&#8221;true&#8221;]<span class=\"et-gap et-clearfix et-gap-756830\"><\/span>[\/vc_column][\/vc_row][vc_row][vc_column]<div id=\"et-client-container-1\" class=\"et-client-container grid\" data-nav=\"arrows\" data-autoplay=\"false\" data-columns=\"4\" data-columns-tab=\"2\" data-columns-mob=\"2\"><div id=\"et-client-1\" class=\"et-client\"><div class=\"client-inner\"><img decoding=\"async\" class=\"regular\" src=\"\" alt=\"\" \/><\/div><\/div><div id=\"et-client-2\" class=\"et-client\"><div class=\"client-inner\"><img decoding=\"async\" class=\"regular\" src=\"\" alt=\"\" \/><\/div><\/div><div id=\"et-client-3\" class=\"et-client\"><div class=\"client-inner\"><img decoding=\"async\" class=\"regular\" src=\"http:\/\/alphaspompes.net\/production\/lanohud\/sites\/3\/contact.svg\" alt=\"\" \/><\/div><\/div><div id=\"et-client-4\" class=\"et-client\"><div class=\"client-inner\"><img decoding=\"async\" class=\"regular\" src=\"\" alt=\"\" \/><\/div><\/div><div id=\"et-client-5\" class=\"et-client\"><div class=\"client-inner\"><img decoding=\"async\" class=\"regular\" src=\"\" alt=\"\" \/><\/div><\/div><div id=\"et-client-6\" class=\"et-client\"><div class=\"client-inner\"><img decoding=\"async\" class=\"regular\" src=\"\" alt=\"\" \/><\/div><\/div><div id=\"et-client-7\" class=\"et-client\"><div class=\"client-inner\"><img decoding=\"async\" class=\"regular\" src=\"http:\/\/alphaspompes.net\/production\/lanohud\/sites\/3\/company.svg\" alt=\"\" \/><\/div><\/div><div id=\"et-client-8\" class=\"et-client\"><div class=\"client-inner\"><img decoding=\"async\" class=\"regular\" src=\"\" alt=\"\" \/><\/div><\/div><div id=\"et-client-9\" class=\"et-client\"><div class=\"client-inner\"><img decoding=\"async\" class=\"regular\" src=\"\" alt=\"\" \/><\/div><\/div><div id=\"et-client-10\" class=\"et-client\"><div class=\"client-inner\"><img decoding=\"async\" class=\"regular\" src=\"\" alt=\"\" \/><\/div><\/div><div id=\"et-client-11\" class=\"et-client\"><div class=\"client-inner\"><img decoding=\"async\" class=\"regular\" src=\"\" alt=\"\" \/><\/div><\/div><div id=\"et-client-12\" class=\"et-client\"><div class=\"client-inner\"><img decoding=\"async\" class=\"regular\" src=\"\" alt=\"\" \/><\/div><\/div><\/div>[vc_row_inner][vc_column_inner]<span class=\"et-gap et-clearfix et-gap-140401\"><\/span>[\/vc_column_inner][\/vc_row_inner][\/vc_column][\/vc_row]\n","protected":false},"excerpt":{"rendered":"<p>[vc_row][vc_column][\/vc_column][\/vc_row][vc_row][vc_column][vc_text_separator title=&#8221;Presentation&#8221; i_icon_fontawesome=&#8221;fas fa-building&#8221; i_color=&#8221;sky&#8221; add_icon=&#8221;true&#8221;][\/vc_column][\/vc_row][vc_row element_id=&#8221;12250&#8243; css=&#8221;.vc_custom_1716053411287{padding-top: 48px !important;padding-right: 48px !important;padding-bottom: 48px !important;padding-left: 48px !important;background-color: rgba(255,0,0,0.1) !important;*background-color: rgb(255,0,0) !important;}&#8221;][vc_column][vc_single_image image=&#8221;1311&#8243; img_size=&#8221;&#8221; alignment=&#8221;center&#8221; onclick=&#8221;zoom&#8221; css=&#8221;.vc_custom_1661852096846{padding-top: 10px !important;padding-bottom: 20px !important;}&#8221;][vc_column_text animation_delay=&#8221;0&#8243;] Fond\u00e9e en 1996, La SARL ALPHAS est sp\u00e9cialis\u00e9e dans la fourniture, le montage et la maintenance des pompes et \u00e9quipement hydrom\u00e9canique pour divers process, ainsi [&hellip;]<\/p>\n","protected":false},"author":1,"featured_media":0,"parent":0,"menu_order":0,"comment_status":"closed","ping_status":"closed","template":"page-vc.php","meta":{"footnotes":""},"_links":{"self":[{"href":"http:\/\/alphaspompes.net\/production\/wp-json\/wp\/v2\/pages\/38"}],"collection":[{"href":"http:\/\/alphaspompes.net\/production\/wp-json\/wp\/v2\/pages"}],"about":[{"href":"http:\/\/alphaspompes.net\/production\/wp-json\/wp\/v2\/types\/page"}],"author":[{"embeddable":true,"href":"http:\/\/alphaspompes.net\/production\/wp-json\/wp\/v2\/users\/1"}],"replies":[{"embeddable":true,"href":"http:\/\/alphaspompes.net\/production\/wp-json\/wp\/v2\/comments?post=38"}],"version-history":[{"count":4,"href":"http:\/\/alphaspompes.net\/production\/wp-json\/wp\/v2\/pages\/38\/revisions"}],"predecessor-version":[{"id":559,"href":"http:\/\/alphaspompes.net\/production\/wp-json\/wp\/v2\/pages\/38\/revisions\/559"}],"wp:attachment":[{"href":"http:\/\/alphaspompes.net\/production\/wp-json\/wp\/v2\/media?parent=38"}],"curies":[{"name":"wp","href":"https:\/\/api.w.org\/{rel}","templated":true}]}}